{"id":306,"date":"2026-03-24T16:11:30","date_gmt":"2026-03-24T16:11:30","guid":{"rendered":"https:\/\/albmag4.dreamhosters.com\/?page_id=306"},"modified":"2026-04-04T17:58:49","modified_gmt":"2026-04-04T15:58:49","slug":"home-2","status":"publish","type":"page","link":"https:\/\/efficientradeco.com\/es\/","title":{"rendered":"home"},"content":{"rendered":"<div data-elementor-type=\"wp-page\" data-elementor-id=\"306\" class=\"elementor elementor-306\">\n\t\t\t\t<div class=\"elementor-element elementor-element-fbca1c0 e-flex e-con-boxed e-con e-parent\" data-id=\"fbca1c0\" data-element_type=\"container\" data-e-type=\"container\" data-settings=\"{&quot;background_background&quot;:&quot;classic&quot;}\">\n\t\t\t\t\t<div class=\"e-con-inner\">\n\t\t\t\t<div class=\"elementor-element elementor-element-8e1b553 elementor-widget__width-initial elementor-widget elementor-widget-heading\" data-id=\"8e1b553\" data-element_type=\"widget\" data-e-type=\"widget\" data-widget_type=\"heading.default\">\n\t\t\t\t\t<h2 class=\"elementor-heading-title elementor-size-default\">Fortaleciendo a las organizaciones en Estados Unidos mediante Excelencia Operativa y Cadenas de Suministro Resilientes<\/h2>\t\t\t\t<\/div>\n\t\t\t\t<div class=\"elementor-element elementor-element-2bcaa19 elementor-widget__width-initial componet-hidden-mobil elementor-widget elementor-widget-heading\" data-id=\"2bcaa19\" data-element_type=\"widget\" data-e-type=\"widget\" data-widget_type=\"heading.default\">\n\t\t\t\t\t<p class=\"elementor-heading-title elementor-size-default\">Ayudamos a empresas en Estados Unidos a mejorar su eficiencia, reducir costos y construir operaciones resilientes mediante optimizaci\u00f3n de procesos, transformaci\u00f3n digital y abastecimiento estrat\u00e9gico.<\/p>\t\t\t\t<\/div>\n\t\t\t\t\t<\/div>\n\t\t\t\t<\/div>\n\t\t<div class=\"elementor-element elementor-element-90e5158 e-flex e-con-boxed e-con e-parent\" data-id=\"90e5158\" data-element_type=\"container\" data-e-type=\"container\">\n\t\t\t\t\t<div class=\"e-con-inner\">\n\t\t<div class=\"elementor-element elementor-element-604688e e-grid e-con-full e-con e-child\" data-id=\"604688e\" data-element_type=\"container\" data-e-type=\"container\" data-settings=\"{&quot;background_background&quot;:&quot;classic&quot;}\">\n\t\t<div class=\"elementor-element elementor-element-e149702 e-con-full e-flex e-con e-child\" data-id=\"e149702\" data-element_type=\"container\" data-e-type=\"container\" data-settings=\"{&quot;background_background&quot;:&quot;classic&quot;}\">\n\t\t\t\t<div class=\"elementor-element elementor-element-d21c7b0 elementor-widget elementor-widget-heading\" data-id=\"d21c7b0\" data-element_type=\"widget\" data-e-type=\"widget\" data-widget_type=\"heading.default\">\n\t\t\t\t\t<h2 class=\"elementor-heading-title elementor-size-default\">EfficienTrade Consulting<\/h2>\t\t\t\t<\/div>\n\t\t\t\t<div class=\"elementor-element elementor-element-8f9b8d8 elementor-widget__width-initial elementor-widget elementor-widget-text-editor\" data-id=\"8f9b8d8\" data-element_type=\"widget\" data-e-type=\"widget\" data-widget_type=\"text-editor.default\">\n\t\t\t\t\t\t\t\t\t<p>Con sede en Miami, Florida, EfficienTrade Consulting ayuda a las organizaciones en Estados Unidos a fortalecer su competitividad en una econom\u00eda global cada vez m\u00e1s compleja. Liderada por Marcos Navarro, especialista en operaciones y cadena de suministro con m\u00e1s de 30 a\u00f1os de experiencia pr\u00e1ctica, la firma ofrece soluciones estrat\u00e9gicas orientadas a la ejecuci\u00f3n que modernizan las operaciones, elevan la productividad y mejoran la prestaci\u00f3n de servicios en sectores industriales y de servicios.<\/p>\t\t\t\t\t\t\t\t<\/div>\n\t\t\t\t<\/div>\n\t\t<div class=\"elementor-element elementor-element-9d298ba e-con-full e-flex e-con e-child\" data-id=\"9d298ba\" data-element_type=\"container\" data-e-type=\"container\">\n\t\t\t\t<div class=\"elementor-element elementor-element-6ffd45c elementor-widget elementor-widget-image\" data-id=\"6ffd45c\" data-element_type=\"widget\" data-e-type=\"widget\" data-widget_type=\"image.default\">\n\t\t\t\t\t\t\t\t\t\t\t\t\t\t\t<img fetchpriority=\"high\" decoding=\"async\" width=\"608\" height=\"556\" src=\"https:\/\/efficientradeco.com\/wp-content\/uploads\/2026\/03\/Close-up-of-high-tech-manufacturing-equipment-1.png\" class=\"attachment-large size-large wp-image-99\" alt=\"\" srcset=\"https:\/\/efficientradeco.com\/wp-content\/uploads\/2026\/03\/Close-up-of-high-tech-manufacturing-equipment-1.png 608w, https:\/\/efficientradeco.com\/wp-content\/uploads\/2026\/03\/Close-up-of-high-tech-manufacturing-equipment-1-300x274.png 300w\" sizes=\"(max-width: 608px) 100vw, 608px\" \/>\t\t\t\t\t\t\t\t\t\t\t\t\t\t\t<\/div>\n\t\t\t\t<\/div>\n\t\t\t\t<\/div>\n\t\t\t\t\t<\/div>\n\t\t\t\t<\/div>\n\t\t<div class=\"elementor-element elementor-element-b7a782c e-flex e-con-boxed e-con e-parent\" data-id=\"b7a782c\" data-element_type=\"container\" data-e-type=\"container\" data-settings=\"{&quot;background_background&quot;:&quot;classic&quot;}\">\n\t\t\t\t\t<div class=\"e-con-inner\">\n\t\t<div class=\"elementor-element elementor-element-003b99d e-con-full e-flex e-con e-child\" data-id=\"003b99d\" data-element_type=\"container\" data-e-type=\"container\" data-settings=\"{&quot;background_background&quot;:&quot;classic&quot;}\">\n\t\t\t\t<div class=\"elementor-element elementor-element-a4509c0 elementor-widget elementor-widget-heading\" data-id=\"a4509c0\" data-element_type=\"widget\" data-e-type=\"widget\" data-widget_type=\"heading.default\">\n\t\t\t\t\t<h2 class=\"elementor-heading-title elementor-size-default\">\u00bfListo para optimizar sus <br \/> operaciones de comercio global?<\/h2>\t\t\t\t<\/div>\n\t\t\t\t<\/div>\n\t\t\t\t\t<\/div>\n\t\t\t\t<\/div>\n\t\t<div class=\"elementor-element elementor-element-fd5b357 e-flex e-con-boxed e-con e-parent\" data-id=\"fd5b357\" data-element_type=\"container\" data-e-type=\"container\">\n\t\t\t\t\t<div class=\"e-con-inner\">\n\t\t<div class=\"elementor-element elementor-element-f9f7874 e-grid e-con-full e-con e-child\" data-id=\"f9f7874\" data-element_type=\"container\" data-e-type=\"container\">\n\t\t<div class=\"elementor-element elementor-element-63d917f e-flex e-con-boxed e-con e-child\" data-id=\"63d917f\" data-element_type=\"container\" data-e-type=\"container\">\n\t\t\t\t\t<div class=\"e-con-inner\">\n\t\t\t\t<div class=\"elementor-element elementor-element-0b2a25d elementor-widget elementor-widget-image\" data-id=\"0b2a25d\" data-element_type=\"widget\" data-e-type=\"widget\" data-widget_type=\"image.default\">\n\t\t\t\t\t\t\t\t\t\t\t\t\t\t\t<img decoding=\"async\" width=\"1137\" height=\"928\" src=\"https:\/\/efficientradeco.com\/wp-content\/uploads\/2026\/03\/marcos-1.jpeg\" class=\"attachment-full size-full wp-image-125\" alt=\"\" srcset=\"https:\/\/efficientradeco.com\/wp-content\/uploads\/2026\/03\/marcos-1.jpeg 1137w, https:\/\/efficientradeco.com\/wp-content\/uploads\/2026\/03\/marcos-1-300x245.jpeg 300w, https:\/\/efficientradeco.com\/wp-content\/uploads\/2026\/03\/marcos-1-1024x836.jpeg 1024w, https:\/\/efficientradeco.com\/wp-content\/uploads\/2026\/03\/marcos-1-768x627.jpeg 768w, https:\/\/efficientradeco.com\/wp-content\/uploads\/2026\/03\/marcos-1-710x579.jpeg 710w\" sizes=\"(max-width: 1137px) 100vw, 1137px\" \/>\t\t\t\t\t\t\t\t\t\t\t\t\t\t\t<\/div>\n\t\t\t\t\t<\/div>\n\t\t\t\t<\/div>\n\t\t<div class=\"elementor-element elementor-element-92c1342 e-con-full e-flex e-con e-child\" data-id=\"92c1342\" data-element_type=\"container\" data-e-type=\"container\">\n\t\t\t\t<div class=\"elementor-element elementor-element-d4090d4 elementor-widget elementor-widget-heading\" data-id=\"d4090d4\" data-element_type=\"widget\" data-e-type=\"widget\" data-widget_type=\"heading.default\">\n\t\t\t\t\t<h5 class=\"elementor-heading-title elementor-size-default\">Liderazgo y Visi\u00f3n<\/h5>\t\t\t\t<\/div>\n\t\t\t\t<div class=\"elementor-element elementor-element-d46589f elementor-widget elementor-widget-heading\" data-id=\"d46589f\" data-element_type=\"widget\" data-e-type=\"widget\" data-widget_type=\"heading.default\">\n\t\t\t\t\t<h3 class=\"elementor-heading-title elementor-size-default\">Conozca al Sr. Marcos Iv\u00e1n Navarro Hern\u00e1ndez<\/h3>\t\t\t\t<\/div>\n\t\t\t\t<div class=\"elementor-element elementor-element-ed0bf41 elementor-widget elementor-widget-heading\" data-id=\"ed0bf41\" data-element_type=\"widget\" data-e-type=\"widget\" data-widget_type=\"heading.default\">\n\t\t\t\t\t<h4 class=\"elementor-heading-title elementor-size-default\">Director Ejecutivo (Chief Executive Officer)<\/h4>\t\t\t\t<\/div>\n\t\t\t\t<div class=\"elementor-element elementor-element-b5d2dfd elementor-widget elementor-widget-text-editor\" data-id=\"b5d2dfd\" data-element_type=\"widget\" data-e-type=\"widget\" data-widget_type=\"text-editor.default\">\n\t\t\t\t\t\t\t\t\t<p>Con m\u00e1s de tres d\u00e9cadas de experiencia en el \u00e1mbito industrial, el Sr. Navarro Hern\u00e1ndez lidera EfficienTrade Consulting con una visi\u00f3n clara: restaurar la manufactura estadounidense a su posici\u00f3n como referente global de calidad e innovaci\u00f3n.<\/p><p>Bajo su liderazgo, la firma se enfoca en la transformaci\u00f3n profunda de las operaciones y en la implementaci\u00f3n de sistemas inteligentes de cadena de suministro, permitiendo a nuestros clientes responder a los cambios del mercado en tiempo real y fortaleciendo su resiliencia y crecimiento sostenible a largo plazo.<\/p>\t\t\t\t\t\t\t\t<\/div>\n\t\t\t\t<div class=\"elementor-element elementor-element-4081308 elementor-widget elementor-widget-counter\" data-id=\"4081308\" data-element_type=\"widget\" data-e-type=\"widget\" data-widget_type=\"counter.default\">\n\t\t\t\t\t\t\t<div class=\"elementor-counter\">\n\t\t\t<div class=\"elementor-counter-title\">A\u00f1os de experiencia<\/div>\t\t\t<div class=\"elementor-counter-number-wrapper\">\n\t\t\t\t<span class=\"elementor-counter-number-prefix\"><\/span>\n\t\t\t\t<span class=\"elementor-counter-number\" data-duration=\"2000\" data-to-value=\"30\" data-from-value=\"0\" data-delimiter=\",\">0<\/span>\n\t\t\t\t<span class=\"elementor-counter-number-suffix\">+<\/span>\n\t\t\t<\/div>\n\t\t<\/div>\n\t\t\t\t\t\t<\/div>\n\t\t\t\t<\/div>\n\t\t\t\t<\/div>\n\t\t\t\t\t<\/div>\n\t\t\t\t<\/div>\n\t\t<div class=\"elementor-element elementor-element-ae14d03 e-flex e-con-boxed e-con e-parent\" data-id=\"ae14d03\" data-element_type=\"container\" data-e-type=\"container\" data-settings=\"{&quot;background_background&quot;:&quot;classic&quot;}\">\n\t\t\t\t\t<div class=\"e-con-inner\">\n\t\t\t\t<div class=\"elementor-element elementor-element-cb99043 elementor-widget elementor-widget-heading\" data-id=\"cb99043\" data-element_type=\"widget\" data-e-type=\"widget\" data-widget_type=\"heading.default\">\n\t\t\t\t\t<h2 class=\"elementor-heading-title elementor-size-default\">Experiencia en Acci\u00f3n<\/h2>\t\t\t\t<\/div>\n\t\t\t\t<div class=\"elementor-element elementor-element-8d5af92 elementor-widget elementor-widget-heading\" data-id=\"8d5af92\" data-element_type=\"widget\" data-e-type=\"widget\" data-widget_type=\"heading.default\">\n\t\t\t\t\t<h2 class=\"elementor-heading-title elementor-size-default\">Pilares de Valor<\/h2>\t\t\t\t<\/div>\n\t\t\t\t<div class=\"elementor-element elementor-element-f678445 elementor-widget__width-initial elementor-widget elementor-widget-heading\" data-id=\"f678445\" data-element_type=\"widget\" data-e-type=\"widget\" data-widget_type=\"heading.default\">\n\t\t\t\t\t<h2 class=\"elementor-heading-title elementor-size-default\">Orientaci\u00f3n estrat\u00e9gica y conocimiento t\u00e9cnico orientados a impulsar la pr\u00f3xima generaci\u00f3n de la industria estadounidense.<\/h2>\t\t\t\t<\/div>\n\t\t<div class=\"elementor-element elementor-element-dc0004a e-con-full e-flex e-con e-child\" data-id=\"dc0004a\" data-element_type=\"container\" data-e-type=\"container\">\n\t\t<div class=\"elementor-element elementor-element-6fb423e e-grid e-con-full e-con e-child\" data-id=\"6fb423e\" data-element_type=\"container\" data-e-type=\"container\">\n\t\t<div class=\"elementor-element elementor-element-51fe841 e-con-full e-flex elementor-invisible e-con e-child\" data-id=\"51fe841\" data-element_type=\"container\" data-e-type=\"container\" data-settings=\"{&quot;background_background&quot;:&quot;classic&quot;,&quot;animation&quot;:&quot;fadeInUp&quot;}\">\n\t\t\t\t<div class=\"elementor-element elementor-element-bfb6f41 elementor-widget elementor-widget-image\" data-id=\"bfb6f41\" data-element_type=\"widget\" data-e-type=\"widget\" data-widget_type=\"image.default\">\n\t\t\t\t\t\t\t\t\t\t\t\t\t\t\t<img decoding=\"async\" width=\"56\" height=\"56\" src=\"https:\/\/efficientradeco.com\/wp-content\/uploads\/2026\/03\/icon-operational-excellence-1.svg\" class=\"attachment-large size-large wp-image-1785\" alt=\"\" \/>\t\t\t\t\t\t\t\t\t\t\t\t\t\t\t<\/div>\n\t\t\t\t<div class=\"elementor-element elementor-element-56766eb elementor-widget__width-initial elementor-widget elementor-widget-heading\" data-id=\"56766eb\" data-element_type=\"widget\" data-e-type=\"widget\" data-widget_type=\"heading.default\">\n\t\t\t\t\t<h2 class=\"elementor-heading-title elementor-size-default\">Excelencia Operativa<\/h2>\t\t\t\t<\/div>\n\t\t\t\t<div class=\"elementor-element elementor-element-6b41c24 elementor-widget elementor-widget-text-editor\" data-id=\"6b41c24\" data-element_type=\"widget\" data-e-type=\"widget\" data-widget_type=\"text-editor.default\">\n\t\t\t\t\t\t\t\t\t<p>Mejore la eficiencia operativa y reduzca los tiempos de respuesta mediante metodolog\u00edas Lean avanzadas y optimizaci\u00f3n de procesos.<\/p>\t\t\t\t\t\t\t\t<\/div>\n\t\t\t\t<\/div>\n\t\t<div class=\"elementor-element elementor-element-5082cd4 e-con-full e-flex elementor-invisible e-con e-child\" data-id=\"5082cd4\" data-element_type=\"container\" data-e-type=\"container\" data-settings=\"{&quot;background_background&quot;:&quot;classic&quot;,&quot;animation&quot;:&quot;fadeInUp&quot;}\">\n\t\t\t\t<div class=\"elementor-element elementor-element-a70e55f elementor-widget elementor-widget-image\" data-id=\"a70e55f\" data-element_type=\"widget\" data-e-type=\"widget\" data-widget_type=\"image.default\">\n\t\t\t\t\t\t\t\t\t\t\t\t\t\t\t<img loading=\"lazy\" decoding=\"async\" width=\"56\" height=\"56\" src=\"https:\/\/efficientradeco.com\/wp-content\/uploads\/2026\/03\/icon-real-time-1.svg\" class=\"attachment-large size-large wp-image-1786\" alt=\"\" \/>\t\t\t\t\t\t\t\t\t\t\t\t\t\t\t<\/div>\n\t\t\t\t<div class=\"elementor-element elementor-element-f2547e7 elementor-widget elementor-widget-heading\" data-id=\"f2547e7\" data-element_type=\"widget\" data-e-type=\"widget\" data-widget_type=\"heading.default\">\n\t\t\t\t\t<h2 class=\"elementor-heading-title elementor-size-default\">Visibilidad en Tiempo Real<\/h2>\t\t\t\t<\/div>\n\t\t\t\t<div class=\"elementor-element elementor-element-9fa55b8 elementor-widget elementor-widget-text-editor\" data-id=\"9fa55b8\" data-element_type=\"widget\" data-e-type=\"widget\" data-widget_type=\"text-editor.default\">\n\t\t\t\t\t\t\t\t\t<p>Implemente sistemas modernos de gesti\u00f3n que permitan una visibilidad integral y en tiempo real en cada etapa de sus operaciones.<\/p>\t\t\t\t\t\t\t\t<\/div>\n\t\t\t\t<\/div>\n\t\t<div class=\"elementor-element elementor-element-35847f4 e-con-full e-flex elementor-invisible e-con e-child\" data-id=\"35847f4\" data-element_type=\"container\" data-e-type=\"container\" data-settings=\"{&quot;background_background&quot;:&quot;classic&quot;,&quot;animation&quot;:&quot;fadeInUp&quot;}\">\n\t\t\t\t<div class=\"elementor-element elementor-element-7e92647 elementor-widget elementor-widget-image\" data-id=\"7e92647\" data-element_type=\"widget\" data-e-type=\"widget\" data-widget_type=\"image.default\">\n\t\t\t\t\t\t\t\t\t\t\t\t\t\t\t<img loading=\"lazy\" decoding=\"async\" width=\"56\" height=\"56\" src=\"https:\/\/efficientradeco.com\/wp-content\/uploads\/2026\/03\/icon-suppy-resilience-1.svg\" class=\"attachment-large size-large wp-image-1787\" alt=\"\" \/>\t\t\t\t\t\t\t\t\t\t\t\t\t\t\t<\/div>\n\t\t\t\t<div class=\"elementor-element elementor-element-7a289e1 elementor-widget elementor-widget-heading\" data-id=\"7a289e1\" data-element_type=\"widget\" data-e-type=\"widget\" data-widget_type=\"heading.default\">\n\t\t\t\t\t<h2 class=\"elementor-heading-title elementor-size-default\">Resiliencia en la Cadena de Suministro<\/h2>\t\t\t\t<\/div>\n\t\t\t\t<div class=\"elementor-element elementor-element-9860ee1 elementor-widget elementor-widget-text-editor\" data-id=\"9860ee1\" data-element_type=\"widget\" data-e-type=\"widget\" data-widget_type=\"text-editor.default\">\n\t\t\t\t\t\t\t\t\t<p>Desarrolle redes de suministro nacionales y regionales resilientes, dise\u00f1adas para mitigar riesgos globales y asegurar la continuidad de su cadena de abastecimiento.<\/p>\t\t\t\t\t\t\t\t<\/div>\n\t\t\t\t<\/div>\n\t\t<div class=\"elementor-element elementor-element-04f8b9b e-con-full e-flex elementor-invisible e-con e-child\" data-id=\"04f8b9b\" data-element_type=\"container\" data-e-type=\"container\" data-settings=\"{&quot;background_background&quot;:&quot;classic&quot;,&quot;animation&quot;:&quot;fadeInUp&quot;}\">\n\t\t\t\t<div class=\"elementor-element elementor-element-324ce04 elementor-widget elementor-widget-image\" data-id=\"324ce04\" data-element_type=\"widget\" data-e-type=\"widget\" data-widget_type=\"image.default\">\n\t\t\t\t\t\t\t\t\t\t\t\t\t\t\t<img loading=\"lazy\" decoding=\"async\" width=\"56\" height=\"56\" src=\"https:\/\/efficientradeco.com\/wp-content\/uploads\/2026\/03\/icon-quality-assurance-1.svg\" class=\"attachment-large size-large wp-image-1788\" alt=\"\" \/>\t\t\t\t\t\t\t\t\t\t\t\t\t\t\t<\/div>\n\t\t\t\t<div class=\"elementor-element elementor-element-d253066 elementor-widget elementor-widget-heading\" data-id=\"d253066\" data-element_type=\"widget\" data-e-type=\"widget\" data-widget_type=\"heading.default\">\n\t\t\t\t\t<h2 class=\"elementor-heading-title elementor-size-default\">Aseguramiento de la Calidad<\/h2>\t\t\t\t<\/div>\n\t\t\t\t<div class=\"elementor-element elementor-element-45fb141 elementor-widget elementor-widget-text-editor\" data-id=\"45fb141\" data-element_type=\"widget\" data-e-type=\"widget\" data-widget_type=\"text-editor.default\">\n\t\t\t\t\t\t\t\t\t<p>Eleve la calidad del servicio y la confiabilidad operativa para superar de manera consistente los est\u00e1ndares de la industria y las expectativas de los clientes.<\/p>\t\t\t\t\t\t\t\t<\/div>\n\t\t\t\t<\/div>\n\t\t<div class=\"elementor-element elementor-element-279e7b2 e-con-full e-flex elementor-invisible e-con e-child\" data-id=\"279e7b2\" data-element_type=\"container\" data-e-type=\"container\" data-settings=\"{&quot;background_background&quot;:&quot;classic&quot;,&quot;animation&quot;:&quot;fadeInUp&quot;}\">\n\t\t\t\t<div class=\"elementor-element elementor-element-bcc5d36 elementor-widget elementor-widget-image\" data-id=\"bcc5d36\" data-element_type=\"widget\" data-e-type=\"widget\" data-widget_type=\"image.default\">\n\t\t\t\t\t\t\t\t\t\t\t\t\t\t\t<img loading=\"lazy\" decoding=\"async\" width=\"56\" height=\"56\" src=\"https:\/\/efficientradeco.com\/wp-content\/uploads\/2026\/03\/icon-economic-impact-1.svg\" class=\"attachment-large size-large wp-image-1789\" alt=\"\" \/>\t\t\t\t\t\t\t\t\t\t\t\t\t\t\t<\/div>\n\t\t\t\t<div class=\"elementor-element elementor-element-da0cfdd elementor-widget elementor-widget-heading\" data-id=\"da0cfdd\" data-element_type=\"widget\" data-e-type=\"widget\" data-widget_type=\"heading.default\">\n\t\t\t\t\t<h2 class=\"elementor-heading-title elementor-size-default\">Impacto Econ\u00f3mico<\/h2>\t\t\t\t<\/div>\n\t\t\t\t<div class=\"elementor-element elementor-element-10fba05 elementor-widget elementor-widget-text-editor\" data-id=\"10fba05\" data-element_type=\"widget\" data-e-type=\"widget\" data-widget_type=\"text-editor.default\">\n\t\t\t\t\t\t\t\t\t<p>Contribuya a la competitividad y resiliencia econ\u00f3mica de Estados Unidos mediante el fortalecimiento de la manufactura nacional y la innovaci\u00f3n estrat\u00e9gica.<\/p>\t\t\t\t\t\t\t\t<\/div>\n\t\t\t\t<\/div>\n\t\t\t\t<\/div>\n\t\t\t\t<\/div>\n\t\t\t\t\t<\/div>\n\t\t\t\t<\/div>\n\t\t<div class=\"elementor-element elementor-element-716195f e-flex e-con-boxed e-con e-parent\" data-id=\"716195f\" data-element_type=\"container\" data-e-type=\"container\" data-settings=\"{&quot;background_background&quot;:&quot;classic&quot;}\">\n\t\t\t\t\t<div class=\"e-con-inner\">\n\t\t<div class=\"elementor-element elementor-element-21c7820 e-con-full e-flex e-con e-child\" data-id=\"21c7820\" data-element_type=\"container\" data-e-type=\"container\" data-settings=\"{&quot;background_background&quot;:&quot;classic&quot;}\">\n\t\t\t\t<div class=\"elementor-element elementor-element-9cc460b elementor-widget__width-initial elementor-widget elementor-widget-heading\" data-id=\"9cc460b\" data-element_type=\"widget\" data-e-type=\"widget\" data-widget_type=\"heading.default\">\n\t\t\t\t\t<h2 class=\"elementor-heading-title elementor-size-default\">Construyamos operaciones m\u00e1s s\u00f3lidas y eficientes.<\/h2>\t\t\t\t<\/div>\n\t\t\t\t<div class=\"elementor-element elementor-element-7e61380 elementor-widget elementor-widget-heading\" data-id=\"7e61380\" data-element_type=\"widget\" data-e-type=\"widget\" data-widget_type=\"heading.default\">\n\t\t\t\t\t<h2 class=\"elementor-heading-title elementor-size-default\">Conversemos sobre los desaf\u00edos operativos de su organizaci\u00f3n.<\/h2>\t\t\t\t<\/div>\n\t\t\t\t<div class=\"elementor-element elementor-element-832168c elementor-align-center elementor-widget elementor-widget-button\" data-id=\"832168c\" data-element_type=\"widget\" data-e-type=\"widget\" data-widget_type=\"button.default\">\n\t\t\t\t\t\t\t\t\t\t<a class=\"elementor-button elementor-button-link elementor-size-sm\" href=\"\/es\/contact-us\/\">\n\t\t\t\t\t\t<span class=\"elementor-button-content-wrapper\">\n\t\t\t\t\t\t\t\t\t<span class=\"elementor-button-text\">Contacte hoy a nuestros expertos.<\/span>\n\t\t\t\t\t<\/span>\n\t\t\t\t\t<\/a>\n\t\t\t\t\t\t\t\t<\/div>\n\t\t\t\t<\/div>\n\t\t\t\t\t<\/div>\n\t\t\t\t<\/div>\n\t\t\t\t<\/div>","protected":false},"excerpt":{"rendered":"<p>Strengthening U.S. Organizations Through Operational Excellence and Resilient Supply We help U.S. companies improve efficiency, reduce costs, and build resilient operations through process optimization, digital transformation, and strategic sourcing. EfficienTrade Consulting Based in Miami, Florida, empowers U.S. organizations to strengthen their competitiveness in an increasingly complex global economy. Led by Marcos Navarro, a seasoned operations [&hellip;]<\/p>\n","protected":false},"author":1,"featured_media":0,"parent":0,"menu_order":0,"comment_status":"closed","ping_status":"closed","template":"elementor_header_footer","meta":{"footnotes":""},"class_list":["post-306","page","type-page","status-publish","hentry"],"_hostinger_reach_plugin_has_subscription_block":false,"_hostinger_reach_plugin_is_elementor":false,"_links":{"self":[{"href":"https:\/\/efficientradeco.com\/es\/wp-json\/wp\/v2\/pages\/306","targetHints":{"allow":["GET"]}}],"collection":[{"href":"https:\/\/efficientradeco.com\/es\/wp-json\/wp\/v2\/pages"}],"about":[{"href":"https:\/\/efficientradeco.com\/es\/wp-json\/wp\/v2\/types\/page"}],"author":[{"embeddable":true,"href":"https:\/\/efficientradeco.com\/es\/wp-json\/wp\/v2\/users\/1"}],"replies":[{"embeddable":true,"href":"https:\/\/efficientradeco.com\/es\/wp-json\/wp\/v2\/comments?post=306"}],"version-history":[{"count":24,"href":"https:\/\/efficientradeco.com\/es\/wp-json\/wp\/v2\/pages\/306\/revisions"}],"predecessor-version":[{"id":2329,"href":"https:\/\/efficientradeco.com\/es\/wp-json\/wp\/v2\/pages\/306\/revisions\/2329"}],"wp:attachment":[{"href":"https:\/\/efficientradeco.com\/es\/wp-json\/wp\/v2\/media?parent=306"}],"curies":[{"name":"wp","href":"https:\/\/api.w.org\/{rel}","templated":true}]}}