{"id":612,"date":"2026-03-24T22:59:46","date_gmt":"2026-03-24T22:59:46","guid":{"rendered":"https:\/\/albmag4.dreamhosters.com\/?page_id=612"},"modified":"2026-04-06T04:09:33","modified_gmt":"2026-04-06T02:09:33","slug":"strategic-sourcing-and-supplier-development","status":"publish","type":"page","link":"https:\/\/efficientradeco.com\/es\/strategic-sourcing-and-supplier-development\/","title":{"rendered":"Transformaci\u00f3n Operativa y de la Cadena de Suministro"},"content":{"rendered":"<div data-elementor-type=\"wp-page\" data-elementor-id=\"612\" class=\"elementor elementor-612\">\n\t\t\t\t<div class=\"elementor-element elementor-element-7b4263a e-flex e-con-boxed e-con e-parent\" data-id=\"7b4263a\" data-element_type=\"container\" data-e-type=\"container\" data-settings=\"{&quot;background_background&quot;:&quot;classic&quot;}\">\n\t\t\t\t\t<div class=\"e-con-inner\">\n\t\t\t\t<div class=\"elementor-element elementor-element-493221f elementor-widget__width-initial elementor-widget elementor-widget-heading\" data-id=\"493221f\" data-element_type=\"widget\" data-e-type=\"widget\" data-widget_type=\"heading.default\">\n\t\t\t\t\t<h2 class=\"elementor-heading-title elementor-size-default\">Transformaci\u00f3n Operativa y de la Cadena de Suministro<\/h2>\t\t\t\t<\/div>\n\t\t\t\t<div class=\"elementor-element elementor-element-6bcec45 elementor-widget__width-initial elementor-widget elementor-widget-heading\" data-id=\"6bcec45\" data-element_type=\"widget\" data-e-type=\"widget\" data-widget_type=\"heading.default\">\n\t\t\t\t\t<p class=\"elementor-heading-title elementor-size-default\"> Apoyamos a las organizaciones en la transformaci\u00f3n de sus procesos operativos y de cadena de suministro para mejorar la eficiencia, la visibilidad y el desempe\u00f1o global de sus operaciones.<\/p>\t\t\t\t<\/div>\n\t\t\t\t\t<\/div>\n\t\t\t\t<\/div>\n\t\t<div class=\"elementor-element elementor-element-a927fef e-flex e-con-boxed e-con e-parent\" data-id=\"a927fef\" data-element_type=\"container\" data-e-type=\"container\">\n\t\t\t\t\t<div class=\"e-con-inner\">\n\t\t\t\t<div class=\"elementor-element elementor-element-59bb610 elementor-widget elementor-widget-heading\" data-id=\"59bb610\" data-element_type=\"widget\" data-e-type=\"widget\" data-widget_type=\"heading.default\">\n\t\t\t\t\t<h2 class=\"elementor-heading-title elementor-size-default\">Capacidades Clave  de Este Servicio<\/h2>\t\t\t\t<\/div>\n\t\t<div class=\"elementor-element elementor-element-b02fa3e e-grid e-con-full e-con e-child\" data-id=\"b02fa3e\" data-element_type=\"container\" data-e-type=\"container\">\n\t\t<div class=\"elementor-element elementor-element-e088df6 e-con-full e-flex e-con e-child\" data-id=\"e088df6\" data-element_type=\"container\" data-e-type=\"container\">\n\t\t\t\t<div class=\"elementor-element elementor-element-60b6630 elementor-widget elementor-widget-image\" data-id=\"60b6630\" data-element_type=\"widget\" data-e-type=\"widget\" data-widget_type=\"image.default\">\n\t\t\t\t\t\t\t\t\t\t\t\t\t\t\t<img decoding=\"async\" width=\"23\" height=\"23\" src=\"https:\/\/efficientradeco.com\/wp-content\/uploads\/2026\/03\/icon-operational-diagnostics-1.svg\" class=\"attachment-large size-large wp-image-634\" alt=\"\" \/>\t\t\t\t\t\t\t\t\t\t\t\t\t\t\t<\/div>\n\t\t\t\t<div class=\"elementor-element elementor-element-80ea402 elementor-widget elementor-widget-heading\" data-id=\"80ea402\" data-element_type=\"widget\" data-e-type=\"widget\" data-widget_type=\"heading.default\">\n\t\t\t\t\t<h6 class=\"elementor-heading-title elementor-size-default\">Diagn\u00f3stico operativo y an\u00e1lisis de flujos de trabajo<\/h6>\t\t\t\t<\/div>\n\t\t\t\t<div class=\"elementor-element elementor-element-f033f68 elementor-widget elementor-widget-text-editor\" data-id=\"f033f68\" data-element_type=\"widget\" data-e-type=\"widget\" data-widget_type=\"text-editor.default\">\n\t\t\t\t\t\t\t\t\t<p>Evaluaci\u00f3n integral de los procesos operativos para identificar ineficiencias, cuellos de botella y oportunidades de mejora del desempe\u00f1o.<\/p>\t\t\t\t\t\t\t\t<\/div>\n\t\t\t\t<\/div>\n\t\t<div class=\"elementor-element elementor-element-141c38c e-con-full e-flex e-con e-child\" data-id=\"141c38c\" data-element_type=\"container\" data-e-type=\"container\">\n\t\t\t\t<div class=\"elementor-element elementor-element-e16adac elementor-widget elementor-widget-image\" data-id=\"e16adac\" data-element_type=\"widget\" data-e-type=\"widget\" data-widget_type=\"image.default\">\n\t\t\t\t\t\t\t\t\t\t\t\t\t\t\t<img decoding=\"async\" width=\"25\" height=\"25\" src=\"https:\/\/efficientradeco.com\/wp-content\/uploads\/2026\/03\/icon-warehouse-1.svg\" class=\"attachment-large size-large wp-image-635\" alt=\"\" \/>\t\t\t\t\t\t\t\t\t\t\t\t\t\t\t<\/div>\n\t\t\t\t<div class=\"elementor-element elementor-element-8a78e03 elementor-widget elementor-widget-heading\" data-id=\"8a78e03\" data-element_type=\"widget\" data-e-type=\"widget\" data-widget_type=\"heading.default\">\n\t\t\t\t\t<h6 class=\"elementor-heading-title elementor-size-default\">Implementaci\u00f3n de sistemas de gesti\u00f3n de almacenes e inventarios<\/h6>\t\t\t\t<\/div>\n\t\t\t\t<div class=\"elementor-element elementor-element-e6b9cc1 elementor-widget elementor-widget-text-editor\" data-id=\"e6b9cc1\" data-element_type=\"widget\" data-e-type=\"widget\" data-widget_type=\"text-editor.default\">\n\t\t\t\t\t\t\t\t\t<p>Implementaci\u00f3n y optimizaci\u00f3n de sistemas de gesti\u00f3n de almacenes e inventarios para mejorar la visibilidad, la precisi\u00f3n y el control operativo.<\/p>\t\t\t\t\t\t\t\t<\/div>\n\t\t\t\t<\/div>\n\t\t<div class=\"elementor-element elementor-element-bbb2882 e-con-full e-flex e-con e-child\" data-id=\"bbb2882\" data-element_type=\"container\" data-e-type=\"container\">\n\t\t\t\t<div class=\"elementor-element elementor-element-2ea0748 elementor-widget elementor-widget-image\" data-id=\"2ea0748\" data-element_type=\"widget\" data-e-type=\"widget\" data-widget_type=\"image.default\">\n\t\t\t\t\t\t\t\t\t\t\t\t\t\t\t<img decoding=\"async\" width=\"25\" height=\"20\" src=\"https:\/\/efficientradeco.com\/wp-content\/uploads\/2026\/03\/icon-process-standarrdization-1.svg\" class=\"attachment-large size-large wp-image-639\" alt=\"\" \/>\t\t\t\t\t\t\t\t\t\t\t\t\t\t\t<\/div>\n\t\t\t\t<div class=\"elementor-element elementor-element-5453c9b elementor-widget elementor-widget-heading\" data-id=\"5453c9b\" data-element_type=\"widget\" data-e-type=\"widget\" data-widget_type=\"heading.default\">\n\t\t\t\t\t<h6 class=\"elementor-heading-title elementor-size-default\">Estandarizaci\u00f3n de procesos y optimizaci\u00f3n Lean<\/h6>\t\t\t\t<\/div>\n\t\t\t\t<div class=\"elementor-element elementor-element-3f0fe42 elementor-widget elementor-widget-text-editor\" data-id=\"3f0fe42\" data-element_type=\"widget\" data-e-type=\"widget\" data-widget_type=\"text-editor.default\">\n\t\t\t\t\t\t\t\t\t<p>Desarrollo de procedimientos estandarizados y aplicaci\u00f3n de metodolog\u00edas Lean para agilizar las operaciones, reducir desperdicios y mejorar la consistencia.<\/p>\t\t\t\t\t\t\t\t<\/div>\n\t\t\t\t<\/div>\n\t\t<div class=\"elementor-element elementor-element-a8ee3c6 e-con-full e-flex e-con e-child\" data-id=\"a8ee3c6\" data-element_type=\"container\" data-e-type=\"container\">\n\t\t\t\t<div class=\"elementor-element elementor-element-4801db6 elementor-widget elementor-widget-image\" data-id=\"4801db6\" data-element_type=\"widget\" data-e-type=\"widget\" data-widget_type=\"image.default\">\n\t\t\t\t\t\t\t\t\t\t\t\t\t\t\t<img loading=\"lazy\" decoding=\"async\" width=\"23\" height=\"23\" src=\"https:\/\/efficientradeco.com\/wp-content\/uploads\/2026\/03\/icon-performance-1.svg\" class=\"attachment-large size-large wp-image-640\" alt=\"\" \/>\t\t\t\t\t\t\t\t\t\t\t\t\t\t\t<\/div>\n\t\t\t\t<div class=\"elementor-element elementor-element-e2cfeac elementor-widget elementor-widget-heading\" data-id=\"e2cfeac\" data-element_type=\"widget\" data-e-type=\"widget\" data-widget_type=\"heading.default\">\n\t\t\t\t\t<h6 class=\"elementor-heading-title elementor-size-default\">Marcos de medici\u00f3n del desempe\u00f1o y dise\u00f1o de KPIs<\/h6>\t\t\t\t<\/div>\n\t\t\t\t<div class=\"elementor-element elementor-element-7859d58 elementor-widget elementor-widget-text-editor\" data-id=\"7859d58\" data-element_type=\"widget\" data-e-type=\"widget\" data-widget_type=\"text-editor.default\">\n\t\t\t\t\t\t\t\t\t<p>Dise\u00f1o de m\u00e9tricas estructuradas de desempe\u00f1o y tableros de indicadores clave (KPIs) para respaldar la toma de decisiones basada en datos y fortalecer la responsabilidad operativa.<\/p>\t\t\t\t\t\t\t\t<\/div>\n\t\t\t\t<\/div>\n\t\t<div class=\"elementor-element elementor-element-0c2dbd7 e-con-full e-flex e-con e-child\" data-id=\"0c2dbd7\" data-element_type=\"container\" data-e-type=\"container\">\n\t\t\t\t<div class=\"elementor-element elementor-element-2ea764f elementor-widget elementor-widget-image\" data-id=\"2ea764f\" data-element_type=\"widget\" data-e-type=\"widget\" data-widget_type=\"image.default\">\n\t\t\t\t\t\t\t\t\t\t\t\t\t\t\t<img loading=\"lazy\" decoding=\"async\" width=\"23\" height=\"25\" src=\"https:\/\/efficientradeco.com\/wp-content\/uploads\/2026\/03\/icon-workforce-training-1.svg\" class=\"attachment-large size-large wp-image-641\" alt=\"\" \/>\t\t\t\t\t\t\t\t\t\t\t\t\t\t\t<\/div>\n\t\t\t\t<div class=\"elementor-element elementor-element-06df380 elementor-widget elementor-widget-heading\" data-id=\"06df380\" data-element_type=\"widget\" data-e-type=\"widget\" data-widget_type=\"heading.default\">\n\t\t\t\t\t<h6 class=\"elementor-heading-title elementor-size-default\">Capacitaci\u00f3n del personal y gesti\u00f3n del cambio<\/h6>\t\t\t\t<\/div>\n\t\t\t\t<div class=\"elementor-element elementor-element-55c8721 elementor-widget elementor-widget-text-editor\" data-id=\"55c8721\" data-element_type=\"widget\" data-e-type=\"widget\" data-widget_type=\"text-editor.default\">\n\t\t\t\t\t\t\t\t\t<p>Programas estructurados de capacitaci\u00f3n y estrategias de gesti\u00f3n del cambio para asegurar la adopci\u00f3n exitosa de nuevos procesos y sistemas.<\/p>\t\t\t\t\t\t\t\t<\/div>\n\t\t\t\t<\/div>\n\t\t\t\t<\/div>\n\t\t\t\t\t<\/div>\n\t\t\t\t<\/div>\n\t\t<div class=\"elementor-element elementor-element-31d3ac8 e-flex e-con-boxed e-con e-parent\" data-id=\"31d3ac8\" data-element_type=\"container\" data-e-type=\"container\" data-settings=\"{&quot;background_background&quot;:&quot;classic&quot;}\">\n\t\t\t\t\t<div class=\"e-con-inner\">\n\t\t\t\t<div class=\"elementor-element elementor-element-b51eb9d before-content before-content-capabilities elementor-widget elementor-widget-heading\" data-id=\"b51eb9d\" data-element_type=\"widget\" data-e-type=\"widget\" data-widget_type=\"heading.default\">\n\t\t\t\t\t<h2 class=\"elementor-heading-title elementor-size-default\">Beneficios Clave<\/h2>\t\t\t\t<\/div>\n\t\t<div class=\"elementor-element elementor-element-4f8b246 e-grid e-con-full e-con e-child\" data-id=\"4f8b246\" data-element_type=\"container\" data-e-type=\"container\">\n\t\t<div class=\"elementor-element elementor-element-5df5f6c e-con-full e-flex e-con e-child\" data-id=\"5df5f6c\" data-element_type=\"container\" data-e-type=\"container\" data-settings=\"{&quot;background_background&quot;:&quot;classic&quot;}\">\n\t\t\t\t<div class=\"elementor-element elementor-element-07c3352 elementor-absolute elementor-widget elementor-widget-image\" data-id=\"07c3352\" data-element_type=\"widget\" data-e-type=\"widget\" data-settings=\"{&quot;_position&quot;:&quot;absolute&quot;}\" data-widget_type=\"image.default\">\n\t\t\t\t\t\t\t\t\t\t\t\t\t\t\t<img loading=\"lazy\" decoding=\"async\" width=\"25\" height=\"25\" src=\"https:\/\/efficientradeco.com\/wp-content\/uploads\/2026\/03\/icon-check-1.svg\" class=\"attachment-large size-large wp-image-696\" alt=\"\" \/>\t\t\t\t\t\t\t\t\t\t\t\t\t\t\t<\/div>\n\t\t\t\t<div class=\"elementor-element elementor-element-9124262 elementor-widget elementor-widget-heading\" data-id=\"9124262\" data-element_type=\"widget\" data-e-type=\"widget\" data-widget_type=\"heading.default\">\n\t\t\t\t\t<h5 class=\"elementor-heading-title elementor-size-default\">Mayor precisi\u00f3n y eficiencia operativa<\/h5>\t\t\t\t<\/div>\n\t\t\t\t<div class=\"elementor-element elementor-element-5175ee2 elementor-widget elementor-widget-heading\" data-id=\"5175ee2\" data-element_type=\"widget\" data-e-type=\"widget\" data-widget_type=\"heading.default\">\n\t\t\t\t\t<div class=\"elementor-heading-title elementor-size-default\">Mejor control de los flujos de trabajo y del desempe\u00f1o operativo.<\/div>\t\t\t\t<\/div>\n\t\t\t\t<\/div>\n\t\t<div class=\"elementor-element elementor-element-54be2b7 e-con-full e-flex e-con e-child\" data-id=\"54be2b7\" data-element_type=\"container\" data-e-type=\"container\" data-settings=\"{&quot;background_background&quot;:&quot;classic&quot;}\">\n\t\t\t\t<div class=\"elementor-element elementor-element-63e541b elementor-absolute elementor-widget elementor-widget-image\" data-id=\"63e541b\" data-element_type=\"widget\" data-e-type=\"widget\" data-settings=\"{&quot;_position&quot;:&quot;absolute&quot;}\" data-widget_type=\"image.default\">\n\t\t\t\t\t\t\t\t\t\t\t\t\t\t\t<img loading=\"lazy\" decoding=\"async\" width=\"25\" height=\"25\" src=\"https:\/\/efficientradeco.com\/wp-content\/uploads\/2026\/03\/icon-check-1.svg\" class=\"attachment-large size-large wp-image-696\" alt=\"\" \/>\t\t\t\t\t\t\t\t\t\t\t\t\t\t\t<\/div>\n\t\t\t\t<div class=\"elementor-element elementor-element-59ca5ca elementor-widget elementor-widget-heading\" data-id=\"59ca5ca\" data-element_type=\"widget\" data-e-type=\"widget\" data-widget_type=\"heading.default\">\n\t\t\t\t\t<h5 class=\"elementor-heading-title elementor-size-default\">Tiempos de respuesta y cumplimiento m\u00e1s r\u00e1pidos<\/h5>\t\t\t\t<\/div>\n\t\t\t\t<div class=\"elementor-element elementor-element-7726013 elementor-widget elementor-widget-heading\" data-id=\"7726013\" data-element_type=\"widget\" data-e-type=\"widget\" data-widget_type=\"heading.default\">\n\t\t\t\t\t<div class=\"elementor-heading-title elementor-size-default\">Procesos optimizados que reducen retrasos y mejoran la prestaci\u00f3n del servicio.<\/div>\t\t\t\t<\/div>\n\t\t\t\t<\/div>\n\t\t<div class=\"elementor-element elementor-element-424df68 e-con-full e-flex e-con e-child\" data-id=\"424df68\" data-element_type=\"container\" data-e-type=\"container\" data-settings=\"{&quot;background_background&quot;:&quot;classic&quot;}\">\n\t\t\t\t<div class=\"elementor-element elementor-element-8c6c410 elementor-absolute elementor-widget elementor-widget-image\" data-id=\"8c6c410\" data-element_type=\"widget\" data-e-type=\"widget\" data-settings=\"{&quot;_position&quot;:&quot;absolute&quot;}\" data-widget_type=\"image.default\">\n\t\t\t\t\t\t\t\t\t\t\t\t\t\t\t<img loading=\"lazy\" decoding=\"async\" width=\"25\" height=\"25\" src=\"https:\/\/efficientradeco.com\/wp-content\/uploads\/2026\/03\/icon-check-1.svg\" class=\"attachment-large size-large wp-image-696\" alt=\"\" \/>\t\t\t\t\t\t\t\t\t\t\t\t\t\t\t<\/div>\n\t\t\t\t<div class=\"elementor-element elementor-element-118f4de elementor-widget elementor-widget-heading\" data-id=\"118f4de\" data-element_type=\"widget\" data-e-type=\"widget\" data-widget_type=\"heading.default\">\n\t\t\t\t\t<h5 class=\"elementor-heading-title elementor-size-default\">Reducci\u00f3n de errores operativos y desperdicios<\/h5>\t\t\t\t<\/div>\n\t\t\t\t<div class=\"elementor-element elementor-element-b12bfd9 elementor-widget elementor-widget-heading\" data-id=\"b12bfd9\" data-element_type=\"widget\" data-e-type=\"widget\" data-widget_type=\"heading.default\">\n\t\t\t\t\t<div class=\"elementor-heading-title elementor-size-default\">Procedimientos estandarizados y pr\u00e1cticas Lean que minimizan ineficiencias.<\/div>\t\t\t\t<\/div>\n\t\t\t\t<\/div>\n\t\t<div class=\"elementor-element elementor-element-b47ed87 e-con-full e-flex e-con e-child\" data-id=\"b47ed87\" data-element_type=\"container\" data-e-type=\"container\" data-settings=\"{&quot;background_background&quot;:&quot;classic&quot;}\">\n\t\t\t\t<div class=\"elementor-element elementor-element-12f0195 elementor-absolute elementor-widget elementor-widget-image\" data-id=\"12f0195\" data-element_type=\"widget\" data-e-type=\"widget\" data-settings=\"{&quot;_position&quot;:&quot;absolute&quot;}\" data-widget_type=\"image.default\">\n\t\t\t\t\t\t\t\t\t\t\t\t\t\t\t<img loading=\"lazy\" decoding=\"async\" width=\"25\" height=\"25\" src=\"https:\/\/efficientradeco.com\/wp-content\/uploads\/2026\/03\/icon-check-1.svg\" class=\"attachment-large size-large wp-image-696\" alt=\"\" \/>\t\t\t\t\t\t\t\t\t\t\t\t\t\t\t<\/div>\n\t\t\t\t<div class=\"elementor-element elementor-element-857e7b4 elementor-widget elementor-widget-heading\" data-id=\"857e7b4\" data-element_type=\"widget\" data-e-type=\"widget\" data-widget_type=\"heading.default\">\n\t\t\t\t\t<h5 class=\"elementor-heading-title elementor-size-default\">Toma de decisiones basada en datos<\/h5>\t\t\t\t<\/div>\n\t\t\t\t<div class=\"elementor-element elementor-element-eb16949 elementor-widget elementor-widget-heading\" data-id=\"eb16949\" data-element_type=\"widget\" data-e-type=\"widget\" data-widget_type=\"heading.default\">\n\t\t\t\t\t<div class=\"elementor-heading-title elementor-size-default\">M\u00e9tricas de desempe\u00f1o e indicadores clave (KPIs) que permiten una gesti\u00f3n operativa informada<\/div>\t\t\t\t<\/div>\n\t\t\t\t<\/div>\n\t\t\t\t<\/div>\n\t\t\t\t\t<\/div>\n\t\t\t\t<\/div>\n\t\t\t\t<\/div>","protected":false},"excerpt":{"rendered":"<p>Operational &amp; Supply Chain Transformation We support organizations in transforming operational workflows and supply chain processes to improve efficiency, visibility, and overall performance Key Capabilities Within This Service Operational diagnostics and workflow analysis Comprehensive assessment of operational processes to identify inefficiencies, bottlenecks, and opportunities for performance improvement. Warehouse and inventory management system implementation Deployment and [&hellip;]<\/p>\n","protected":false},"author":1,"featured_media":0,"parent":0,"menu_order":0,"comment_status":"closed","ping_status":"closed","template":"","meta":{"footnotes":""},"class_list":["post-612","page","type-page","status-publish","hentry"],"_hostinger_reach_plugin_has_subscription_block":false,"_hostinger_reach_plugin_is_elementor":false,"_links":{"self":[{"href":"https:\/\/efficientradeco.com\/es\/wp-json\/wp\/v2\/pages\/612","targetHints":{"allow":["GET"]}}],"collection":[{"href":"https:\/\/efficientradeco.com\/es\/wp-json\/wp\/v2\/pages"}],"about":[{"href":"https:\/\/efficientradeco.com\/es\/wp-json\/wp\/v2\/types\/page"}],"author":[{"embeddable":true,"href":"https:\/\/efficientradeco.com\/es\/wp-json\/wp\/v2\/users\/1"}],"replies":[{"embeddable":true,"href":"https:\/\/efficientradeco.com\/es\/wp-json\/wp\/v2\/comments?post=612"}],"version-history":[{"count":6,"href":"https:\/\/efficientradeco.com\/es\/wp-json\/wp\/v2\/pages\/612\/revisions"}],"predecessor-version":[{"id":2340,"href":"https:\/\/efficientradeco.com\/es\/wp-json\/wp\/v2\/pages\/612\/revisions\/2340"}],"wp:attachment":[{"href":"https:\/\/efficientradeco.com\/es\/wp-json\/wp\/v2\/media?parent=612"}],"curies":[{"name":"wp","href":"https:\/\/api.w.org\/{rel}","templated":true}]}}