{"id":916,"date":"2026-03-25T15:00:59","date_gmt":"2026-03-25T15:00:59","guid":{"rendered":"https:\/\/albmag4.dreamhosters.com\/?page_id=916"},"modified":"2026-04-06T04:29:32","modified_gmt":"2026-04-06T02:29:32","slug":"process-improvement-for-operational-organizations","status":"publish","type":"page","link":"https:\/\/efficientradeco.com\/es\/process-improvement-for-operational-organizations\/","title":{"rendered":"Mejora de Procesos para Organizaciones Operativas"},"content":{"rendered":"<div data-elementor-type=\"wp-page\" data-elementor-id=\"916\" class=\"elementor elementor-916\">\n\t\t\t\t<div class=\"elementor-element elementor-element-4cc1159 e-flex e-con-boxed e-con e-parent\" data-id=\"4cc1159\" data-element_type=\"container\" data-e-type=\"container\" data-settings=\"{&quot;background_background&quot;:&quot;classic&quot;}\">\n\t\t\t\t\t<div class=\"e-con-inner\">\n\t\t\t\t<div class=\"elementor-element elementor-element-e170cb9 elementor-widget__width-initial elementor-widget elementor-widget-heading\" data-id=\"e170cb9\" data-element_type=\"widget\" data-e-type=\"widget\" data-widget_type=\"heading.default\">\n\t\t\t\t\t<h2 class=\"elementor-heading-title elementor-size-default\">Mejora de Procesos para Organizaciones Operativas\n<\/h2>\t\t\t\t<\/div>\n\t\t\t\t<div class=\"elementor-element elementor-element-f984ef8 elementor-widget__width-initial elementor-widget elementor-widget-text-editor\" data-id=\"f984ef8\" data-element_type=\"widget\" data-e-type=\"widget\" data-widget_type=\"text-editor.default\">\n\t\t\t\t\t\t\t\t\t<p><span style=\"white-space-collapse: preserve;\">Ayudamos a las organizaciones a optimizar sus procesos operativos e implementar marcos estructurados que mejoran la eficiencia, la consistencia y la calidad en la prestaci\u00f3n de servicios.<\/span><\/p>\t\t\t\t\t\t\t\t<\/div>\n\t\t\t\t<div class=\"elementor-element elementor-element-54cba84 elementor-widget elementor-widget-button\" data-id=\"54cba84\" data-element_type=\"widget\" data-e-type=\"widget\" data-widget_type=\"button.default\">\n\t\t\t\t\t\t\t\t\t\t<a class=\"elementor-button elementor-button-link elementor-size-sm\" href=\"\/es\/contact-us\/\">\n\t\t\t\t\t\t<span class=\"elementor-button-content-wrapper\">\n\t\t\t\t\t\t<span class=\"elementor-button-icon\">\n\t\t\t\t<svg xmlns=\"http:\/\/www.w3.org\/2000\/svg\" width=\"16\" height=\"16\" viewbox=\"0 0 16 16\" fill=\"none\"><path d=\"M12.175 9H0V7H12.175L6.575 1.4L8 0L16 8L8 16L6.575 14.6L12.175 9Z\" fill=\"white\"><\/path><\/svg>\t\t\t<\/span>\n\t\t\t\t\t\t\t\t\t<span class=\"elementor-button-text\">Solicitar Asistencia T\u00e9cnica<\/span>\n\t\t\t\t\t<\/span>\n\t\t\t\t\t<\/a>\n\t\t\t\t\t\t\t\t<\/div>\n\t\t\t\t\t<\/div>\n\t\t\t\t<\/div>\n\t\t<div class=\"elementor-element elementor-element-3556d1b e-flex e-con-boxed e-con e-parent\" data-id=\"3556d1b\" data-element_type=\"container\" data-e-type=\"container\">\n\t\t\t\t\t<div class=\"e-con-inner\">\n\t\t\t\t<div class=\"elementor-element elementor-element-a9abb52 elementor-widget elementor-widget-heading\" data-id=\"a9abb52\" data-element_type=\"widget\" data-e-type=\"widget\" data-widget_type=\"heading.default\">\n\t\t\t\t\t<h2 class=\"elementor-heading-title elementor-size-default\">Nuestras Capacidades<\/h2>\t\t\t\t<\/div>\n\t\t<div class=\"elementor-element elementor-element-fd7d2c9 e-grid e-con-full e-con e-child\" data-id=\"fd7d2c9\" data-element_type=\"container\" data-e-type=\"container\">\n\t\t<div class=\"elementor-element elementor-element-ccc194e e-con-full e-flex e-con e-child\" data-id=\"ccc194e\" data-element_type=\"container\" data-e-type=\"container\">\n\t\t\t\t<div class=\"elementor-element elementor-element-e8129cf elementor-widget elementor-widget-image\" data-id=\"e8129cf\" data-element_type=\"widget\" data-e-type=\"widget\" data-widget_type=\"image.default\">\n\t\t\t\t\t\t\t\t\t\t\t\t\t\t\t<img decoding=\"async\" width=\"30\" height=\"27\" src=\"https:\/\/efficientradeco.com\/wp-content\/uploads\/2026\/03\/icon-operational-wokflow-1.svg\" class=\"attachment-large size-large wp-image-940\" alt=\"\" \/>\t\t\t\t\t\t\t\t\t\t\t\t\t\t\t<\/div>\n\t\t\t\t<div class=\"elementor-element elementor-element-f2bee00 elementor-widget elementor-widget-heading\" data-id=\"f2bee00\" data-element_type=\"widget\" data-e-type=\"widget\" data-widget_type=\"heading.default\">\n\t\t\t\t\t<h5 class=\"elementor-heading-title elementor-size-default\">An\u00e1lisis y optimizaci\u00f3n de flujos de trabajo operativos<\/h5>\t\t\t\t<\/div>\n\t\t\t\t<div class=\"elementor-element elementor-element-2d54275 elementor-widget elementor-widget-text-editor\" data-id=\"2d54275\" data-element_type=\"widget\" data-e-type=\"widget\" data-widget_type=\"text-editor.default\">\n\t\t\t\t\t\t\t\t\t<span style=\"white-space-collapse: preserve;\">Evaluaci\u00f3n integral de los procesos operativos para identificar ineficiencias, optimizar flujos de trabajo y mejorar el desempe\u00f1o general.<\/span>\t\t\t\t\t\t\t\t<\/div>\n\t\t\t\t<\/div>\n\t\t<div class=\"elementor-element elementor-element-2478478 e-con-full e-flex e-con e-child\" data-id=\"2478478\" data-element_type=\"container\" data-e-type=\"container\">\n\t\t\t\t<div class=\"elementor-element elementor-element-147b9c7 elementor-widget elementor-widget-image\" data-id=\"147b9c7\" data-element_type=\"widget\" data-e-type=\"widget\" data-widget_type=\"image.default\">\n\t\t\t\t\t\t\t\t\t\t\t\t\t\t\t<img decoding=\"async\" width=\"24\" height=\"30\" src=\"https:\/\/efficientradeco.com\/wp-content\/uploads\/2026\/03\/icon-development-standar-1.svg\" class=\"attachment-large size-large wp-image-939\" alt=\"\" \/>\t\t\t\t\t\t\t\t\t\t\t\t\t\t\t<\/div>\n\t\t\t\t<div class=\"elementor-element elementor-element-8a0ff9c elementor-widget elementor-widget-heading\" data-id=\"8a0ff9c\" data-element_type=\"widget\" data-e-type=\"widget\" data-widget_type=\"heading.default\">\n\t\t\t\t\t<h5 class=\"elementor-heading-title elementor-size-default\">Desarrollo de Procedimientos Operativos Est\u00e1ndar (SOPs)<\/h5>\t\t\t\t<\/div>\n\t\t\t\t<div class=\"elementor-element elementor-element-4eafe0a elementor-widget elementor-widget-text-editor\" data-id=\"4eafe0a\" data-element_type=\"widget\" data-e-type=\"widget\" data-widget_type=\"text-editor.default\">\n\t\t\t\t\t\t\t\t\t<span style=\"white-space-collapse: preserve;\">Dise\u00f1o y documentaci\u00f3n de procedimientos estandarizados que aseguren consistencia operativa, claridad y repetibilidad en las actividades de los equipos.<\/span>\t\t\t\t\t\t\t\t<\/div>\n\t\t\t\t<\/div>\n\t\t<div class=\"elementor-element elementor-element-e8c427d e-con-full e-flex e-con e-child\" data-id=\"e8c427d\" data-element_type=\"container\" data-e-type=\"container\">\n\t\t\t\t<div class=\"elementor-element elementor-element-94bfc67 elementor-widget elementor-widget-image\" data-id=\"94bfc67\" data-element_type=\"widget\" data-e-type=\"widget\" data-widget_type=\"image.default\">\n\t\t\t\t\t\t\t\t\t\t\t\t\t\t\t<img decoding=\"async\" width=\"30\" height=\"32\" src=\"https:\/\/efficientradeco.com\/wp-content\/uploads\/2026\/03\/icon-implementation-quality-1.svg\" class=\"attachment-large size-large wp-image-941\" alt=\"\" \/>\t\t\t\t\t\t\t\t\t\t\t\t\t\t\t<\/div>\n\t\t\t\t<div class=\"elementor-element elementor-element-d49dd73 elementor-widget elementor-widget-heading\" data-id=\"d49dd73\" data-element_type=\"widget\" data-e-type=\"widget\" data-widget_type=\"heading.default\">\n\t\t\t\t\t<h5 class=\"elementor-heading-title elementor-size-default\">Implementaci\u00f3n de marcos de calidad y desempe\u00f1o<\/h5>\t\t\t\t<\/div>\n\t\t\t\t<div class=\"elementor-element elementor-element-ef77a19 elementor-widget elementor-widget-text-editor\" data-id=\"ef77a19\" data-element_type=\"widget\" data-e-type=\"widget\" data-widget_type=\"text-editor.default\">\n\t\t\t\t\t\t\t\t\t<span style=\"white-space-collapse: preserve;\">Implementaci\u00f3n de sistemas estructurados de gesti\u00f3n de calidad y monitoreo del desempe\u00f1o para fortalecer el control operativo y la responsabilidad organizacional.<\/span>\t\t\t\t\t\t\t\t<\/div>\n\t\t\t\t<\/div>\n\t\t<div class=\"elementor-element elementor-element-3710450 e-con-full e-flex e-con e-child\" data-id=\"3710450\" data-element_type=\"container\" data-e-type=\"container\">\n\t\t\t\t<div class=\"elementor-element elementor-element-fba6d6e elementor-widget elementor-widget-image\" data-id=\"fba6d6e\" data-element_type=\"widget\" data-e-type=\"widget\" data-widget_type=\"image.default\">\n\t\t\t\t\t\t\t\t\t\t\t\t\t\t\t<img loading=\"lazy\" decoding=\"async\" width=\"36\" height=\"18\" src=\"https:\/\/efficientradeco.com\/wp-content\/uploads\/2026\/03\/icon-capacity-1.svg\" class=\"attachment-large size-large wp-image-942\" alt=\"\" \/>\t\t\t\t\t\t\t\t\t\t\t\t\t\t\t<\/div>\n\t\t\t\t<div class=\"elementor-element elementor-element-2a1a8a3 elementor-widget elementor-widget-heading\" data-id=\"2a1a8a3\" data-element_type=\"widget\" data-e-type=\"widget\" data-widget_type=\"heading.default\">\n\t\t\t\t\t<h5 class=\"elementor-heading-title elementor-size-default\">Planificaci\u00f3n de capacidad y optimizaci\u00f3n de recursos<\/h5>\t\t\t\t<\/div>\n\t\t\t\t<div class=\"elementor-element elementor-element-79918e0 elementor-widget elementor-widget-text-editor\" data-id=\"79918e0\" data-element_type=\"widget\" data-e-type=\"widget\" data-widget_type=\"text-editor.default\">\n\t\t\t\t\t\t\t\t\t<span style=\"white-space-collapse: preserve;\">An\u00e1lisis y optimizaci\u00f3n del personal, infraestructura y recursos operativos para mejorar la productividad y la escalabilidad de las operaciones.<\/span>\t\t\t\t\t\t\t\t<\/div>\n\t\t\t\t<\/div>\n\t\t<div class=\"elementor-element elementor-element-eab891e e-con-full e-flex e-con e-child\" data-id=\"eab891e\" data-element_type=\"container\" data-e-type=\"container\">\n\t\t\t\t<div class=\"elementor-element elementor-element-6730210 elementor-widget elementor-widget-image\" data-id=\"6730210\" data-element_type=\"widget\" data-e-type=\"widget\" data-widget_type=\"image.default\">\n\t\t\t\t\t\t\t\t\t\t\t\t\t\t\t<img loading=\"lazy\" decoding=\"async\" width=\"33\" height=\"27\" src=\"https:\/\/efficientradeco.com\/wp-content\/uploads\/2026\/03\/icon-toga-1.svg\" class=\"attachment-large size-large wp-image-943\" alt=\"\" \/>\t\t\t\t\t\t\t\t\t\t\t\t\t\t\t<\/div>\n\t\t\t\t<div class=\"elementor-element elementor-element-c5ac37d elementor-widget elementor-widget-heading\" data-id=\"c5ac37d\" data-element_type=\"widget\" data-e-type=\"widget\" data-widget_type=\"heading.default\">\n\t\t\t\t\t<h5 class=\"elementor-heading-title elementor-size-default\">Capacitaci\u00f3n del personal y programas de mejora continua<\/h5>\t\t\t\t<\/div>\n\t\t\t\t<div class=\"elementor-element elementor-element-e8670be elementor-widget elementor-widget-text-editor\" data-id=\"e8670be\" data-element_type=\"widget\" data-e-type=\"widget\" data-widget_type=\"text-editor.default\">\n\t\t\t\t\t\t\t\t\t<span style=\"white-space-collapse: preserve;\">Desarrollo de iniciativas de capacitaci\u00f3n y pr\u00e1cticas de mejora continua que fomentan la excelencia operativa y el desempe\u00f1o sostenible a largo plazo.<\/span>\t\t\t\t\t\t\t\t<\/div>\n\t\t\t\t<\/div>\n\t\t\t\t<\/div>\n\t\t\t\t\t<\/div>\n\t\t\t\t<\/div>\n\t\t<div class=\"elementor-element elementor-element-0a38319 e-flex e-con-boxed e-con e-parent\" data-id=\"0a38319\" data-element_type=\"container\" data-e-type=\"container\" data-settings=\"{&quot;background_background&quot;:&quot;classic&quot;}\">\n\t\t\t\t\t<div class=\"e-con-inner\">\n\t\t\t\t<div class=\"elementor-element elementor-element-075f00f elementor-widget elementor-widget-heading\" data-id=\"075f00f\" data-element_type=\"widget\" data-e-type=\"widget\" data-widget_type=\"heading.default\">\n\t\t\t\t\t<h2 class=\"elementor-heading-title elementor-size-default\">Beneficios Clave<\/h2>\t\t\t\t<\/div>\n\t\t<div class=\"elementor-element elementor-element-bf166fc e-grid e-con-full e-con e-child\" data-id=\"bf166fc\" data-element_type=\"container\" data-e-type=\"container\">\n\t\t<div class=\"elementor-element elementor-element-6a7ec9c e-con-full e-flex e-con e-child\" data-id=\"6a7ec9c\" data-element_type=\"container\" data-e-type=\"container\">\n\t\t\t\t<div class=\"elementor-element elementor-element-ea58246 elementor-absolute elementor-widget elementor-widget-image\" data-id=\"ea58246\" data-element_type=\"widget\" data-e-type=\"widget\" data-settings=\"{&quot;_position&quot;:&quot;absolute&quot;}\" data-widget_type=\"image.default\">\n\t\t\t\t\t\t\t\t\t\t\t\t\t\t\t<img loading=\"lazy\" decoding=\"async\" width=\"48\" height=\"48\" src=\"https:\/\/efficientradeco.com\/wp-content\/uploads\/2026\/03\/icon-greater-1.svg\" class=\"attachment-large size-large wp-image-972\" alt=\"\" \/>\t\t\t\t\t\t\t\t\t\t\t\t\t\t\t<\/div>\n\t\t\t\t<div class=\"elementor-element elementor-element-83edf93 elementor-widget elementor-widget-heading\" data-id=\"83edf93\" data-element_type=\"widget\" data-e-type=\"widget\" data-widget_type=\"heading.default\">\n\t\t\t\t\t<h5 class=\"elementor-heading-title elementor-size-default\">Mayor consistencia y confiabilidad operativa<\/h5>\t\t\t\t<\/div>\n\t\t\t\t<div class=\"elementor-element elementor-element-064913b elementor-widget elementor-widget-heading\" data-id=\"064913b\" data-element_type=\"widget\" data-e-type=\"widget\" data-widget_type=\"heading.default\">\n\t\t\t\t\t<div class=\"elementor-heading-title elementor-size-default\">Procesos estandarizados que aseguran un desempe\u00f1o operativo predecible y confiable.<\/div>\t\t\t\t<\/div>\n\t\t\t\t<\/div>\n\t\t<div class=\"elementor-element elementor-element-7d97626 e-con-full e-flex e-con e-child\" data-id=\"7d97626\" data-element_type=\"container\" data-e-type=\"container\">\n\t\t\t\t<div class=\"elementor-element elementor-element-f375004 elementor-absolute elementor-widget elementor-widget-image\" data-id=\"f375004\" data-element_type=\"widget\" data-e-type=\"widget\" data-settings=\"{&quot;_position&quot;:&quot;absolute&quot;}\" data-widget_type=\"image.default\">\n\t\t\t\t\t\t\t\t\t\t\t\t\t\t\t<img loading=\"lazy\" decoding=\"async\" width=\"48\" height=\"48\" src=\"https:\/\/efficientradeco.com\/wp-content\/uploads\/2026\/03\/icon-enhanced-1.svg\" class=\"attachment-large size-large wp-image-975\" alt=\"\" \/>\t\t\t\t\t\t\t\t\t\t\t\t\t\t\t<\/div>\n\t\t\t\t<div class=\"elementor-element elementor-element-5ea016d elementor-widget elementor-widget-heading\" data-id=\"5ea016d\" data-element_type=\"widget\" data-e-type=\"widget\" data-widget_type=\"heading.default\">\n\t\t\t\t\t<h5 class=\"elementor-heading-title elementor-size-default\">Mejor experiencia y satisfacci\u00f3n del cliente<\/h5>\t\t\t\t<\/div>\n\t\t\t\t<div class=\"elementor-element elementor-element-35cf6c2 elementor-widget elementor-widget-heading\" data-id=\"35cf6c2\" data-element_type=\"widget\" data-e-type=\"widget\" data-widget_type=\"heading.default\">\n\t\t\t\t\t<div class=\"elementor-heading-title elementor-size-default\">Mejora en la prestaci\u00f3n de servicios mediante flujos de trabajo operativos m\u00e1s eficientes y estructurados.<\/div>\t\t\t\t<\/div>\n\t\t\t\t<\/div>\n\t\t<div class=\"elementor-element elementor-element-3056ecb e-con-full e-flex e-con e-child\" data-id=\"3056ecb\" data-element_type=\"container\" data-e-type=\"container\">\n\t\t\t\t<div class=\"elementor-element elementor-element-1ae9e08 elementor-absolute elementor-widget elementor-widget-image\" data-id=\"1ae9e08\" data-element_type=\"widget\" data-e-type=\"widget\" data-settings=\"{&quot;_position&quot;:&quot;absolute&quot;}\" data-widget_type=\"image.default\">\n\t\t\t\t\t\t\t\t\t\t\t\t\t\t\t<img loading=\"lazy\" decoding=\"async\" width=\"48\" height=\"48\" src=\"https:\/\/efficientradeco.com\/wp-content\/uploads\/2026\/03\/icon-reduction-1.svg\" class=\"attachment-large size-large wp-image-973\" alt=\"\" \/>\t\t\t\t\t\t\t\t\t\t\t\t\t\t\t<\/div>\n\t\t\t\t<div class=\"elementor-element elementor-element-6aa5bcb elementor-widget elementor-widget-heading\" data-id=\"6aa5bcb\" data-element_type=\"widget\" data-e-type=\"widget\" data-widget_type=\"heading.default\">\n\t\t\t\t\t<h5 class=\"elementor-heading-title elementor-size-default\">Reducci\u00f3n de cuellos de botella en los procesos<\/h5>\t\t\t\t<\/div>\n\t\t\t\t<div class=\"elementor-element elementor-element-a7e0813 elementor-widget elementor-widget-heading\" data-id=\"a7e0813\" data-element_type=\"widget\" data-e-type=\"widget\" data-widget_type=\"heading.default\">\n\t\t\t\t\t<div class=\"elementor-heading-title elementor-size-default\">Identificaci\u00f3n y eliminaci\u00f3n de ineficiencias que ralentizan las operaciones y reducen la productividad.<\/div>\t\t\t\t<\/div>\n\t\t\t\t<\/div>\n\t\t<div class=\"elementor-element elementor-element-c499ce0 e-con-full e-flex e-con e-child\" data-id=\"c499ce0\" data-element_type=\"container\" data-e-type=\"container\">\n\t\t\t\t<div class=\"elementor-element elementor-element-32704fe elementor-absolute elementor-widget elementor-widget-image\" data-id=\"32704fe\" data-element_type=\"widget\" data-e-type=\"widget\" data-settings=\"{&quot;_position&quot;:&quot;absolute&quot;}\" data-widget_type=\"image.default\">\n\t\t\t\t\t\t\t\t\t\t\t\t\t\t\t<img loading=\"lazy\" decoding=\"async\" width=\"48\" height=\"48\" src=\"https:\/\/efficientradeco.com\/wp-content\/uploads\/2026\/03\/icon-scalable-1.svg\" class=\"attachment-large size-large wp-image-974\" alt=\"\" \/>\t\t\t\t\t\t\t\t\t\t\t\t\t\t\t<\/div>\n\t\t\t\t<div class=\"elementor-element elementor-element-98421fb elementor-widget elementor-widget-heading\" data-id=\"98421fb\" data-element_type=\"widget\" data-e-type=\"widget\" data-widget_type=\"heading.default\">\n\t\t\t\t\t<h5 class=\"elementor-heading-title elementor-size-default\">Operaciones escalables y sostenibles<\/h5>\t\t\t\t<\/div>\n\t\t\t\t<div class=\"elementor-element elementor-element-a59e94b elementor-widget elementor-widget-heading\" data-id=\"a59e94b\" data-element_type=\"widget\" data-e-type=\"widget\" data-widget_type=\"heading.default\">\n\t\t\t\t\t<div class=\"elementor-heading-title elementor-size-default\">Estructuras operativas dise\u00f1adas para apoyar el crecimiento a largo plazo y la capacidad de adaptaci\u00f3n de la organizaci\u00f3n.<\/div>\t\t\t\t<\/div>\n\t\t\t\t<\/div>\n\t\t\t\t<\/div>\n\t\t\t\t\t<\/div>\n\t\t\t\t<\/div>\n\t\t\t\t<\/div>","protected":false},"excerpt":{"rendered":"<p>Process Improvement for Operational Organizations We help organizations streamline operational processes and implement structured frameworks that improve efficiency, consistency, and service delivery. Request Technical Assistance Key Capabilities Operational workflow analysis and optimization Comprehensive evaluation of operational processes to identify inefficiencies, streamline workflows, and improve overall performance. Development of Standard Operating Procedures (SOPs) Design and documentation [&hellip;]<\/p>\n","protected":false},"author":1,"featured_media":0,"parent":0,"menu_order":0,"comment_status":"closed","ping_status":"closed","template":"","meta":{"footnotes":""},"class_list":["post-916","page","type-page","status-publish","hentry"],"_hostinger_reach_plugin_has_subscription_block":false,"_hostinger_reach_plugin_is_elementor":false,"_links":{"self":[{"href":"https:\/\/efficientradeco.com\/es\/wp-json\/wp\/v2\/pages\/916","targetHints":{"allow":["GET"]}}],"collection":[{"href":"https:\/\/efficientradeco.com\/es\/wp-json\/wp\/v2\/pages"}],"about":[{"href":"https:\/\/efficientradeco.com\/es\/wp-json\/wp\/v2\/types\/page"}],"author":[{"embeddable":true,"href":"https:\/\/efficientradeco.com\/es\/wp-json\/wp\/v2\/users\/1"}],"replies":[{"embeddable":true,"href":"https:\/\/efficientradeco.com\/es\/wp-json\/wp\/v2\/comments?post=916"}],"version-history":[{"count":24,"href":"https:\/\/efficientradeco.com\/es\/wp-json\/wp\/v2\/pages\/916\/revisions"}],"predecessor-version":[{"id":2367,"href":"https:\/\/efficientradeco.com\/es\/wp-json\/wp\/v2\/pages\/916\/revisions\/2367"}],"wp:attachment":[{"href":"https:\/\/efficientradeco.com\/es\/wp-json\/wp\/v2\/media?parent=916"}],"curies":[{"name":"wp","href":"https:\/\/api.w.org\/{rel}","templated":true}]}}